{"id":1028,"date":"2019-09-09T09:56:25","date_gmt":"2019-09-09T08:56:25","guid":{"rendered":"http:\/\/www.fabienm.eu\/flf\/?page_id=1028"},"modified":"2021-02-07T07:49:59","modified_gmt":"2021-02-07T06:49:59","slug":"coeurs","status":"publish","type":"page","link":"http:\/\/www.fabienm.eu\/flf\/materiel\/coeurs\/","title":{"rendered":"C\u0153urs"},"content":{"rendered":"\n<p>Voici une liste de c\u0153urs de processeurs open-source synth\u00e9tisable sur FPGA.<\/p>\n\n\n\n<h4 class=\"wp-block-heading\"><strong><a href=\"https:\/\/riscv.org\/\">RISC-V<\/a><\/strong><\/h4>\n\n\n\n<ul class=\"wp-block-list\"><li><a href=\"https:\/\/github.com\/cliffordwolf\/picorv32\">PicoRV32<\/a>: \u00c9crit en <strong>Verilog<\/strong>, le picoRV32 est optimis\u00e9 pour la taille.<\/li><li><a href=\"https:\/\/github.com\/ucb-bar\/riscv-mini\">RISC-V mini<\/a>: \u00c9crit en <strong>Chisel<\/strong>, par Berkeley.<\/li><li><a href=\"https:\/\/github.com\/olofk\/serv\">SERV<\/a>: \u00c9crit en <strong>Verilog<\/strong>, encore plus petit que le picoRV32<\/li><li><a href=\"https:\/\/github.com\/chipsalliance\/rocket-chip\">Rocket-Chip<\/a>: \u00c9crit en <strong>Chisel<\/strong>, c&rsquo;est l&rsquo;origine du projet RiscV\/Chisel soutenu par Berkeley. Il est synth\u00e9tisable sur <strong>FPGA<\/strong> mais aussi \u00e0 destination des <strong>ASIC<\/strong>.<\/li><li><a href=\"https:\/\/www.gaisler.com\/index.php\/products\/processors\/noel-v\">NOEL-V<\/a>: \u00c9crit en VHDL<\/li><\/ul>\n\n\n\n<h4 class=\"wp-block-heading\"><a href=\"https:\/\/openpowerfoundation.org\/\">Open Power<\/a><\/h4>\n\n\n\n<ul class=\"wp-block-list\"><li><a href=\"https:\/\/github.com\/antonblanchard\/chiselwatt\">ChiselWatt<\/a>: Un petit processeur OpenPower \u00e9crit en Chisel. Il permet de faire tourner <a href=\"https:\/\/micropython.org\/\">micropython<\/a>.<\/li><\/ul>\n\n\n\n<p><strong>Divers<\/strong><\/p>\n\n\n\n<ul class=\"wp-block-list\"><li><a href=\"https:\/\/github.com\/schoeberl\/lipsi\">lipsi<\/a>: Probablement le plus petit processeur au monde. \u00c9crit en <strong>Chisel<\/strong>.<\/li><\/ul>\n","protected":false},"excerpt":{"rendered":"<p>Voici une liste de c\u0153urs de processeurs open-source synth\u00e9tisable sur FPGA. RISC-V PicoRV32: \u00c9crit en Verilog, le picoRV32 est optimis\u00e9 pour la taille. RISC-V mini: \u00c9crit en Chisel, par Berkeley. SERV: \u00c9crit en Verilog, encore plus petit que le picoRV32 Rocket-Chip: \u00c9crit en Chisel, c&rsquo;est l&rsquo;origine du projet RiscV\/Chisel soutenu par Berkeley. Il est synth\u00e9tisable &hellip; <a href=\"http:\/\/www.fabienm.eu\/flf\/materiel\/coeurs\/\" class=\"more-link\">Continuer la lecture de <span class=\"screen-reader-text\">C\u0153urs<\/span> <span class=\"meta-nav\">&rarr;<\/span><\/a><\/p>\n","protected":false},"author":1,"featured_media":0,"parent":1009,"menu_order":5,"comment_status":"closed","ping_status":"closed","template":"","meta":{"_uag_custom_page_level_css":"","footnotes":""},"class_list":["post-1028","page","type-page","status-publish","hentry"],"uagb_featured_image_src":{"full":false,"thumbnail":false,"medium":false,"medium_large":false,"large":false,"1536x1536":false,"2048x2048":false,"post-thumbnail":false},"uagb_author_info":{"display_name":"Fabien Marteau","author_link":"http:\/\/www.fabienm.eu\/flf\/author\/admin\/"},"uagb_comment_info":0,"uagb_excerpt":"Voici une liste de c\u0153urs de processeurs open-source synth\u00e9tisable sur FPGA. RISC-V PicoRV32: \u00c9crit en Verilog, le picoRV32 est optimis\u00e9 pour la taille. RISC-V mini: \u00c9crit en Chisel, par Berkeley. SERV: \u00c9crit en Verilog, encore plus petit que le picoRV32 Rocket-Chip: \u00c9crit en Chisel, c&rsquo;est l&rsquo;origine du projet RiscV\/Chisel soutenu par Berkeley. Il est synth\u00e9tisable\u2026","_links":{"self":[{"href":"http:\/\/www.fabienm.eu\/flf\/wp-json\/wp\/v2\/pages\/1028","targetHints":{"allow":["GET"]}}],"collection":[{"href":"http:\/\/www.fabienm.eu\/flf\/wp-json\/wp\/v2\/pages"}],"about":[{"href":"http:\/\/www.fabienm.eu\/flf\/wp-json\/wp\/v2\/types\/page"}],"author":[{"embeddable":true,"href":"http:\/\/www.fabienm.eu\/flf\/wp-json\/wp\/v2\/users\/1"}],"replies":[{"embeddable":true,"href":"http:\/\/www.fabienm.eu\/flf\/wp-json\/wp\/v2\/comments?post=1028"}],"version-history":[{"count":9,"href":"http:\/\/www.fabienm.eu\/flf\/wp-json\/wp\/v2\/pages\/1028\/revisions"}],"predecessor-version":[{"id":1653,"href":"http:\/\/www.fabienm.eu\/flf\/wp-json\/wp\/v2\/pages\/1028\/revisions\/1653"}],"up":[{"embeddable":true,"href":"http:\/\/www.fabienm.eu\/flf\/wp-json\/wp\/v2\/pages\/1009"}],"wp:attachment":[{"href":"http:\/\/www.fabienm.eu\/flf\/wp-json\/wp\/v2\/media?parent=1028"}],"curies":[{"name":"wp","href":"https:\/\/api.w.org\/{rel}","templated":true}]}}