{"id":1530,"date":"2020-04-22T20:05:41","date_gmt":"2020-04-22T19:05:41","guid":{"rendered":"http:\/\/www.fabienm.eu\/flf\/?page_id=1530"},"modified":"2021-09-24T08:54:58","modified_gmt":"2021-09-24T07:54:58","slug":"seo-page","status":"publish","type":"page","link":"http:\/\/www.fabienm.eu\/flf\/accueil\/seo-page\/","title":{"rendered":"SEO page"},"content":{"rendered":"\n<p>Sometimes I receive mail from <a href=\"https:\/\/en.wikipedia.org\/wiki\/Search_engine_optimization\">SEO<\/a> to add links on this site. Here the text asked me to add, but without the links \ud83d\ude09<\/p>\n\n\n\n<p><strong>He like my SEO\u00a0page<\/strong><\/p>\n\n\n\n<p>Nice website \ud83d\ude42 I checked out your page:\u00a0<a rel=\"noreferrer noopener\" href=\"http:\/\/www.fabienm.eu\/flf\/accueil\/seo-page\/\" target=\"_blank\">http:\/\/www.fabienm.eu\/flf\/accueil\/seo-page\/<\/a>\u00a0And I noticed you&rsquo;ve mentioned Google. So I thought you might like my video on \u00ab\u00a0Rubish stuff\u00a0\u00bb:<\/p>\n\n\n\n<p><a href=\" https:\/\/www.youtube.com\/watch?v=-JO6fnmHNhc\"> https:\/\/www.youtube.com\/watch?v=-JO6fnmHNhc<\/a><\/p>\n\n\n\n<p>\u00a0Obviously, you know about ranking on Google already, and this video probably isn\u2019t going to blow your socks off.\u00a0\u00a0But I\u2019m sure you get a few questions about it every now and then \ud83d\ude42\u00a0\u00a0So perhaps you\u2019ll find my video good enough to share with your readers.\u00a0Maybe you could even embed this video on your page?<\/p>\n\n\n\n<p>\u00a0Oh, and if you did embed my video \u2014 I\u2019d be happy to get you a link back from a high DR site as a way of saying thank you \ud83d\ude42\u00a0Thanks for reading \ud83d\ude42<\/p>\n\n\n\n<p>SEO man<\/p>\n\n\n\n<h4 class=\"wp-block-heading\">A big boss<\/h4>\n\n\n\n<p>Hi &#8211; I was surfing <a rel=\"noreferrer noopener\" href=\"http:\/\/fabienm.eu\" target=\"_blank\">fabienm.eu<\/a> and I really liked your content strategy.<\/p>\n\n\n\n<p>I&rsquo;m the founder of gloubyboulga, where we are passionate about helping people switch careers and learn new skills. I think this is especially relevant now with thousands of people losing their jobs due to COVID.<\/p>\n\n\n\n<p>I was wondering if I can submit a high-quality original blog post (no cost), that&rsquo;s never been published anywhere else, to be featured on your site?<\/p>\n\n\n\n<p><strong>Here&rsquo;s a list of possible topics:<\/strong><br>1) How remote work is changing tech salaries in the era of coronavirus<br>2) How to Know if your current career isn&rsquo;t right for you<br>3) What to do if you lost your job because of COVID-19<br>4) The future of work: are your skills up to date?<br>5) How new technologies are disrupting incumbent industries<br>6) The most resilient jobs during COVID-19<br>7) How to hire and retain tech talents<br>8) How COVID is impacting the education industry<br>9) What are the future trends for the education industry<\/p>\n\n\n\n<p>(Or you can share a topic or field you are interested in.)<\/p>\n\n\n\n<p><strong>And here are a few of our recent posts:<\/strong><\/p>\n\n\n\n<p>Again, really love your work.<\/p>\n\n\n\n<p>Warmly,<\/p>\n\n\n\n<p>Dugland robert<\/p>\n\n\n\n<h4 class=\"wp-block-heading\">Python course<\/h4>\n\n\n\n<p>I noticed you\u2019ve shared <a href=\"http:\/\/www.fabienm.eu\/flf\/test-your-chisel-design-in-python-with-cocotb\/\">Python for Beginners<\/a> &#8211;  &#8211; and thought I\u2019d send a quick email to highlight something we\u2019ve just published.<\/p>\n\n\n\n<p>My colleague XXX created a guide to <a href=\"http:\/\/www.fabienm.eu\/flf\/test-your-chisel-design-in-python-with-cocotb\/\">learning Python in the context of ethical hacking<\/a>. Here\u2019s the link &#8211; <a href=\"http:\/\/www.fabienm.eu\/flf\/\">pchitt pchitt pchitt.<\/a><\/p>\n\n\n\n<p>My thinking was that it will supplement Python for Beginners and other resources and prove useful for anyone learning Python with <a href=\"http:\/\/www.fabienm.eu\/flf\">security\/ethical hacking in mi<\/a>nd. Would you consider mentioning the guide on your page?<\/p>\n\n\n\n<p>-&gt; No way<\/p>\n\n\n\n<h4 class=\"wp-block-heading\">Hey Website Owner!<\/h4>\n\n\n\n<p>I was browsing your blog after finding it on [Google\/social media\/other]. I love what you\u2019re posting\u2014especially your round-up on<\/p>\n\n\n\n<p><a href=\"http:\/\/www.fabienm.eu\/flf\/\">http:\/\/www.fabienm.eu\/flf\/<\/a><\/p>\n\n\n\n<p>I\u2019ve been reading your blog for a while, and wanted to reach out to see if I could be included in your next feature?<\/p>\n\n\n\n<p>I regularly write about Free Online Course over on<a href=\"http:\/\/www.fabienm.eu\/flf\" target=\"_blank\" rel=\"noreferrer noopener\"> Makeproject<\/a>. If you see anything that might be a fit, feel free to include it.<\/p>\n\n\n\n<p>Best,<\/p>\n\n\n\n<p><a rel=\"noreferrer noopener\" href=\"http:\/\/www.fabienm.eu\/flf\" target=\"_blank\">Makeproject<\/a><\/p>\n\n\n\n<h4 class=\"wp-block-heading\">Outils en ligne gratuits pour les d\u00e9veloppeurs.<\/h4>\n\n\n\n<p>Bonjour,<\/p>\n\n\n\n<p>je me pr\u00e9sente, un_boulet_de_seo, je suis le responsable de la plateforme <a href=\"https:\/\/www.fabienm.eu\">https:\/\/www.fabienm.eu<\/a>, qui propose des outils en ligne gratuits pour les d\u00e9veloppeurs.<\/p>\n\n\n\n<p>Je vous contacte car mon site peut potentiellement int\u00e9resser les lecteurs de votre page \u00ab\u00a0shaarli\u00a0\u00bb (<a href=\"http:\/\/www.fabienm.eu\/shaarli\/\">www.fabienm.eu\/shaarli\/<\/a>).<\/p>\n\n\n\n<p>Ma plateforme propose diff\u00e9rents outils:<\/p>\n\n\n\n<ul class=\"wp-block-list\"><li>Testeurs:<\/li><li>Testeur d&rsquo;expressions r\u00e9guli\u00e8res (https:\/\/www.fabienm.eu\/regex-tester.html).<\/li><li>Testeur d&rsquo;expressions XPath (https:\/\/www.fabienm.eu\/xpath-tester.html).<\/li><li>Browser de bases de donn\u00e9es SQLite (https:\/\/www.fabienm.eu\/sqlite-browser.html). Il est open source (un_boulet_de_seo\/Web-GUI-for-SQLite).<\/li><li>Testeur d&rsquo;expressions JSONPath (https:\/\/www.fabienm.eu\/jsonpath-tester.html).<\/li><li>API:<\/li><li>Client REST (https:\/\/www.fabienm.eu\/rest-client-online.html).<\/li><li>Client SOAP (https:\/\/www.fabienm.eu\/soap-client-online.html).<\/li><li>Mock d&rsquo;API REST (https:\/\/www.fabienm.eu\/mock-rest-api.html).<\/li><li>Testeur de Web services (https:\/\/www.fabienm.eu\/web-service-tester.html). Il est open source (un_boulet_de_seo\/RestesterUI).<\/li><li>G\u00e9n\u00e9rateurs de donn\u00e9es de test:<\/li><li>G\u00e9n\u00e9rateur de JSON (https:\/\/www.fabienm.eu\/json-generator.html), qui permet de g\u00e9n\u00e9rer des fichiers JSON \u00e0 partir d&rsquo;un mod\u00e8le.<\/li><li>G\u00e9n\u00e9rateur de CSV (https:\/\/www.fabienm.eu\/csv-generator.html), qui permet de g\u00e9n\u00e9rer simultan\u00e9ment plusieurs fichiers CSV. Pas de limite du nombre de ligne par fichier CSV. Cet outil est open source (un_boulet_de_seo\/Web-CSV-Generator).<\/li><li>Comparateurs:<\/li><li>XML (https:\/\/www.fabienm.eu\/xml-diff.html)<\/li><li>JSON (https:\/\/www.fabienm.eu\/json-diff.html)<\/li><li>CSV (https:\/\/www.fabienm.eu\/csv-diff.html)<\/li><li>Minifiers \/ Formatters:<\/li><li>Formateur HTML (https:\/\/www.fabienm.eu\/html-formatter.html), qui permet de beautifier, minifier, compresser et \u00e9chapper du code HTML.<\/li><li>Formateur CSS (https:\/\/www.fabienm.eu\/css-formatter.html), qui permet de beautifier et minifier du CSS.<\/li><li>Minifieur JavaScript (https:\/\/www.fabienm.eu\/javascript-minifier.html).<\/li><li>Autres:<\/li><li>Encodeur et d\u00e9codeur base 64 (https:\/\/www.fabienm.eu\/base64-decode-encode.html).<br>\u2026<\/li><\/ul>\n\n\n\n<p>Je reste \u00e0 votre disposition si vous avez des questions.<\/p>\n\n\n\n<p>Cordialement,<\/p>\n\n\n\n<p>un_boulet_de_seo<\/p>\n\n\n\n<p>Merci boulet.<\/p>\n","protected":false},"excerpt":{"rendered":"<p>Sometimes I receive mail from SEO to add links on this site. Here the text asked me to add, but without the links \ud83d\ude09 He like my SEO\u00a0page Nice website \ud83d\ude42 I checked out your page:\u00a0http:\/\/www.fabienm.eu\/flf\/accueil\/seo-page\/\u00a0And I noticed you&rsquo;ve mentioned Google. So I thought you might like my video on \u00ab\u00a0Rubish stuff\u00a0\u00bb: https:\/\/www.youtube.com\/watch?v=-JO6fnmHNhc \u00a0Obviously, you &hellip; <a href=\"http:\/\/www.fabienm.eu\/flf\/accueil\/seo-page\/\" class=\"more-link\">Continuer la lecture de <span class=\"screen-reader-text\">SEO page<\/span> <span class=\"meta-nav\">&rarr;<\/span><\/a><\/p>\n","protected":false},"author":2,"featured_media":0,"parent":116,"menu_order":0,"comment_status":"closed","ping_status":"closed","template":"","meta":{"_uag_custom_page_level_css":"","footnotes":""},"class_list":["post-1530","page","type-page","status-publish","hentry"],"uagb_featured_image_src":{"full":false,"thumbnail":false,"medium":false,"medium_large":false,"large":false,"1536x1536":false,"2048x2048":false,"post-thumbnail":false},"uagb_author_info":{"display_name":"Fabien Marteau","author_link":"http:\/\/www.fabienm.eu\/flf\/author\/martoni\/"},"uagb_comment_info":0,"uagb_excerpt":"Sometimes I receive mail from SEO to add links on this site. Here the text asked me to add, but without the links \ud83d\ude09 He like my SEO\u00a0page Nice website \ud83d\ude42 I checked out your page:\u00a0http:\/\/www.fabienm.eu\/flf\/accueil\/seo-page\/\u00a0And I noticed you&rsquo;ve mentioned Google. So I thought you might like my video on \u00ab\u00a0Rubish stuff\u00a0\u00bb: https:\/\/www.youtube.com\/watch?v=-JO6fnmHNhc \u00a0Obviously, you\u2026","_links":{"self":[{"href":"http:\/\/www.fabienm.eu\/flf\/wp-json\/wp\/v2\/pages\/1530","targetHints":{"allow":["GET"]}}],"collection":[{"href":"http:\/\/www.fabienm.eu\/flf\/wp-json\/wp\/v2\/pages"}],"about":[{"href":"http:\/\/www.fabienm.eu\/flf\/wp-json\/wp\/v2\/types\/page"}],"author":[{"embeddable":true,"href":"http:\/\/www.fabienm.eu\/flf\/wp-json\/wp\/v2\/users\/2"}],"replies":[{"embeddable":true,"href":"http:\/\/www.fabienm.eu\/flf\/wp-json\/wp\/v2\/comments?post=1530"}],"version-history":[{"count":11,"href":"http:\/\/www.fabienm.eu\/flf\/wp-json\/wp\/v2\/pages\/1530\/revisions"}],"predecessor-version":[{"id":1846,"href":"http:\/\/www.fabienm.eu\/flf\/wp-json\/wp\/v2\/pages\/1530\/revisions\/1846"}],"up":[{"embeddable":true,"href":"http:\/\/www.fabienm.eu\/flf\/wp-json\/wp\/v2\/pages\/116"}],"wp:attachment":[{"href":"http:\/\/www.fabienm.eu\/flf\/wp-json\/wp\/v2\/media?parent=1530"}],"curies":[{"name":"wp","href":"https:\/\/api.w.org\/{rel}","templated":true}]}}