{"id":1914,"date":"2022-01-25T08:55:11","date_gmt":"2022-01-25T07:55:11","guid":{"rendered":"http:\/\/www.fabienm.eu\/flf\/?page_id=1914"},"modified":"2022-01-25T08:55:11","modified_gmt":"2022-01-25T07:55:11","slug":"amaranth","status":"publish","type":"page","link":"http:\/\/www.fabienm.eu\/flf\/hdl\/amaranth\/","title":{"rendered":"Amaranth"},"content":{"rendered":"\n<p><a href=\"https:\/\/github.com\/m-labs\/migen\">Amaranth <\/a>permet de construire des syst\u00e8mes complexe \u00e0 destination des FPGA. L&rsquo;ensemble du projet peut \u00eatre \u00e9crit en python, en partant de la description HDL jusqu&rsquo;au pilotage les outils de synth\u00e8se et la g\u00e9n\u00e9ration du bitstream.<\/p>\n\n\n\n<p><\/p>\n","protected":false},"excerpt":{"rendered":"<p>Amaranth permet de construire des syst\u00e8mes complexe \u00e0 destination des FPGA. L&rsquo;ensemble du projet peut \u00eatre \u00e9crit en python, en partant de la description HDL jusqu&rsquo;au pilotage les outils de synth\u00e8se et la g\u00e9n\u00e9ration du bitstream.<\/p>\n","protected":false},"author":1,"featured_media":0,"parent":468,"menu_order":0,"comment_status":"closed","ping_status":"closed","template":"","meta":{"_uag_custom_page_level_css":"","footnotes":""},"class_list":["post-1914","page","type-page","status-publish","hentry"],"uagb_featured_image_src":{"full":false,"thumbnail":false,"medium":false,"medium_large":false,"large":false,"1536x1536":false,"2048x2048":false,"post-thumbnail":false},"uagb_author_info":{"display_name":"Fabien Marteau","author_link":"http:\/\/www.fabienm.eu\/flf\/author\/admin\/"},"uagb_comment_info":0,"uagb_excerpt":"Amaranth permet de construire des syst\u00e8mes complexe \u00e0 destination des FPGA. L&rsquo;ensemble du projet peut \u00eatre \u00e9crit en python, en partant de la description HDL jusqu&rsquo;au pilotage les outils de synth\u00e8se et la g\u00e9n\u00e9ration du bitstream.","_links":{"self":[{"href":"http:\/\/www.fabienm.eu\/flf\/wp-json\/wp\/v2\/pages\/1914","targetHints":{"allow":["GET"]}}],"collection":[{"href":"http:\/\/www.fabienm.eu\/flf\/wp-json\/wp\/v2\/pages"}],"about":[{"href":"http:\/\/www.fabienm.eu\/flf\/wp-json\/wp\/v2\/types\/page"}],"author":[{"embeddable":true,"href":"http:\/\/www.fabienm.eu\/flf\/wp-json\/wp\/v2\/users\/1"}],"replies":[{"embeddable":true,"href":"http:\/\/www.fabienm.eu\/flf\/wp-json\/wp\/v2\/comments?post=1914"}],"version-history":[{"count":2,"href":"http:\/\/www.fabienm.eu\/flf\/wp-json\/wp\/v2\/pages\/1914\/revisions"}],"predecessor-version":[{"id":1916,"href":"http:\/\/www.fabienm.eu\/flf\/wp-json\/wp\/v2\/pages\/1914\/revisions\/1916"}],"up":[{"embeddable":true,"href":"http:\/\/www.fabienm.eu\/flf\/wp-json\/wp\/v2\/pages\/468"}],"wp:attachment":[{"href":"http:\/\/www.fabienm.eu\/flf\/wp-json\/wp\/v2\/media?parent=1914"}],"curies":[{"name":"wp","href":"https:\/\/api.w.org\/{rel}","templated":true}]}}