{"id":2,"date":"2009-06-22T23:55:41","date_gmt":"2009-06-22T21:55:41","guid":{"rendered":"http:\/\/www.martoni.fr\/wordpress\/?page_id=2"},"modified":"2020-12-07T14:33:58","modified_gmt":"2020-12-07T12:33:58","slug":"a-propos","status":"publish","type":"page","link":"http:\/\/www.fabienm.eu\/wordpress\/a-propos\/","title":{"rendered":"Liste d&rsquo;envies"},"content":{"rendered":"<p>J&rsquo;aime bien les cadeaux \ud83d\ude09 Si vous cherchez des id\u00e9es voici ma liste :<\/p>\n<ul>\n<li><a href=\"http:\/\/www.bdphile.info\/user\/martoni\/wishlist\/\">Liste d&rsquo;envies BD sur BDphile.info<\/a><\/li>\n<\/ul>\n<p>Si vous pr\u00e9f\u00e9rez m&rsquo;envoyer des sous vous pouvez le faire en<\/p>\n<ul>\n<li><a href=\"https:\/\/www.patreon.com\/user?u=46563734\">Patreon<\/a><\/li>\n<li><a href=\"http:\/\/bitcoin.org\/\">Bitcoins<\/a>\n<pre>1BYX4L4F6Gb33j5EBrjmLH1fnfXcsTfBYB<\/pre>\n<\/li>\n<li><a href=\"https:\/\/www.dogevault.com\">Dodgecoin<\/a>\n<pre>DMQXtCNSgc1AtFFLvsHArjY3ZS8wTqTApm<\/pre>\n<\/li>\n<\/ul>\n<p>Ou alors me <a href=\"http:\/\/flattr.com\">flattr<\/a> :<\/p>\n","protected":false},"excerpt":{"rendered":"<p>J&rsquo;aime bien les cadeaux \ud83d\ude09 Si vous cherchez des id\u00e9es voici ma liste : Liste d&rsquo;envies BD sur BDphile.info Si vous pr\u00e9f\u00e9rez m&rsquo;envoyer des sous vous pouvez le faire en Patreon Bitcoins 1BYX4L4F6Gb33j5EBrjmLH1fnfXcsTfBYB Dodgecoin DMQXtCNSgc1AtFFLvsHArjY3ZS8wTqTApm Ou alors me flattr :<\/p>\n","protected":false},"author":1,"featured_media":0,"parent":0,"menu_order":0,"comment_status":"open","ping_status":"open","template":"","meta":{"footnotes":""},"class_list":["post-2","page","type-page","status-publish","hentry"],"_links":{"self":[{"href":"http:\/\/www.fabienm.eu\/wordpress\/wp-json\/wp\/v2\/pages\/2","targetHints":{"allow":["GET"]}}],"collection":[{"href":"http:\/\/www.fabienm.eu\/wordpress\/wp-json\/wp\/v2\/pages"}],"about":[{"href":"http:\/\/www.fabienm.eu\/wordpress\/wp-json\/wp\/v2\/types\/page"}],"author":[{"embeddable":true,"href":"http:\/\/www.fabienm.eu\/wordpress\/wp-json\/wp\/v2\/users\/1"}],"replies":[{"embeddable":true,"href":"http:\/\/www.fabienm.eu\/wordpress\/wp-json\/wp\/v2\/comments?post=2"}],"version-history":[{"count":13,"href":"http:\/\/www.fabienm.eu\/wordpress\/wp-json\/wp\/v2\/pages\/2\/revisions"}],"predecessor-version":[{"id":1517,"href":"http:\/\/www.fabienm.eu\/wordpress\/wp-json\/wp\/v2\/pages\/2\/revisions\/1517"}],"wp:attachment":[{"href":"http:\/\/www.fabienm.eu\/wordpress\/wp-json\/wp\/v2\/media?parent=2"}],"curies":[{"name":"wp","href":"https:\/\/api.w.org\/{rel}","templated":true}]}}