{"id":415,"date":"2012-10-07T16:38:27","date_gmt":"2012-10-07T14:38:27","guid":{"rendered":"http:\/\/www.martoni.fr\/wordpress\/?page_id=415"},"modified":"2014-09-13T14:56:41","modified_gmt":"2014-09-13T12:56:41","slug":"echangisme-bd","status":"publish","type":"page","link":"http:\/\/www.fabienm.eu\/wordpress\/echangisme-bd\/","title":{"rendered":"BDth\u00e8que"},"content":{"rendered":"<p>Pour connaitre les BD que je poss\u00e8de dans ma BDth\u00e8que il suffit de se rendre sur mon profil bdphile :<a href=\"http:\/\/www.bdphile.info\/user\/martoni\/series\/&#038;start=all\">Martoni<\/a><\/p>\n","protected":false},"excerpt":{"rendered":"<p>Pour connaitre les BD que je poss\u00e8de dans ma BDth\u00e8que il suffit de se rendre sur mon profil bdphile :Martoni<\/p>\n","protected":false},"author":1,"featured_media":0,"parent":0,"menu_order":0,"comment_status":"open","ping_status":"open","template":"","meta":{"footnotes":""},"class_list":["post-415","page","type-page","status-publish","hentry"],"_links":{"self":[{"href":"http:\/\/www.fabienm.eu\/wordpress\/wp-json\/wp\/v2\/pages\/415","targetHints":{"allow":["GET"]}}],"collection":[{"href":"http:\/\/www.fabienm.eu\/wordpress\/wp-json\/wp\/v2\/pages"}],"about":[{"href":"http:\/\/www.fabienm.eu\/wordpress\/wp-json\/wp\/v2\/types\/page"}],"author":[{"embeddable":true,"href":"http:\/\/www.fabienm.eu\/wordpress\/wp-json\/wp\/v2\/users\/1"}],"replies":[{"embeddable":true,"href":"http:\/\/www.fabienm.eu\/wordpress\/wp-json\/wp\/v2\/comments?post=415"}],"version-history":[{"count":4,"href":"http:\/\/www.fabienm.eu\/wordpress\/wp-json\/wp\/v2\/pages\/415\/revisions"}],"predecessor-version":[{"id":746,"href":"http:\/\/www.fabienm.eu\/wordpress\/wp-json\/wp\/v2\/pages\/415\/revisions\/746"}],"wp:attachment":[{"href":"http:\/\/www.fabienm.eu\/wordpress\/wp-json\/wp\/v2\/media?parent=415"}],"curies":[{"name":"wp","href":"https:\/\/api.w.org\/{rel}","templated":true}]}}