{"id":116,"date":"2014-11-24T20:26:31","date_gmt":"2014-11-24T19:26:31","guid":{"rendered":"http:\/\/www.fabienm.eu\/flf\/?page_id=116"},"modified":"2019-09-01T16:19:09","modified_gmt":"2019-09-01T15:19:09","slug":"accueil","status":"publish","type":"page","link":"https:\/\/www.fabienm.eu\/flf\/accueil\/","title":{"rendered":"FLF"},"content":{"rendered":"<p>Le FLF est un blog-note qui recense les solutions libres existant pour pour d\u00e9velopper sur des FPGA. Ce blog-note est principalement francophone mais peut-accueillir des articles en anglais.<\/p>\n<p>Toutes les exp\u00e9riences sont les bienvenues ici, que \u00e7a soit pour compiler un outils, pour simuler un design compliqu\u00e9 ou autre n&rsquo;h\u00e9sitez pas \u00e0 venir me proposer des articles, ce blog est ouvert.<\/p>\n<p>Le but ici est de promouvoir les logiciels libres pour le FPGA, les logiciels gratuits ne sont \u00e9voqu\u00e9s que lorsqu&rsquo;il est indispensable de les utiliser pour le d\u00e9veloppement.<\/p>\n","protected":false},"excerpt":{"rendered":"<p>Le FLF est un blog-note qui recense les solutions libres existant pour pour d\u00e9velopper sur des FPGA. Ce blog-note est principalement francophone mais peut-accueillir des articles en anglais. Toutes les exp\u00e9riences sont les bienvenues ici, que \u00e7a soit pour compiler un outils, pour simuler un design compliqu\u00e9 ou autre n&rsquo;h\u00e9sitez pas \u00e0 venir me proposer &hellip; <a href=\"https:\/\/www.fabienm.eu\/flf\/accueil\/\" class=\"more-link\">Continuer la lecture de <span class=\"screen-reader-text\">FLF<\/span> <span class=\"meta-nav\">&rarr;<\/span><\/a><\/p>\n","protected":false},"author":1,"featured_media":0,"parent":0,"menu_order":0,"comment_status":"open","ping_status":"closed","template":"","meta":{"_uag_custom_page_level_css":"","footnotes":""},"class_list":["post-116","page","type-page","status-publish","hentry"],"uagb_featured_image_src":{"full":false,"thumbnail":false,"medium":false,"medium_large":false,"large":false,"1536x1536":false,"2048x2048":false,"post-thumbnail":false},"uagb_author_info":{"display_name":"Fabien Marteau","author_link":"https:\/\/www.fabienm.eu\/flf\/author\/admin\/"},"uagb_comment_info":4,"uagb_excerpt":"Le FLF est un blog-note qui recense les solutions libres existant pour pour d\u00e9velopper sur des FPGA. Ce blog-note est principalement francophone mais peut-accueillir des articles en anglais. Toutes les exp\u00e9riences sont les bienvenues ici, que \u00e7a soit pour compiler un outils, pour simuler un design compliqu\u00e9 ou autre n&rsquo;h\u00e9sitez pas \u00e0 venir me proposer\u2026","_links":{"self":[{"href":"https:\/\/www.fabienm.eu\/flf\/wp-json\/wp\/v2\/pages\/116","targetHints":{"allow":["GET"]}}],"collection":[{"href":"https:\/\/www.fabienm.eu\/flf\/wp-json\/wp\/v2\/pages"}],"about":[{"href":"https:\/\/www.fabienm.eu\/flf\/wp-json\/wp\/v2\/types\/page"}],"author":[{"embeddable":true,"href":"https:\/\/www.fabienm.eu\/flf\/wp-json\/wp\/v2\/users\/1"}],"replies":[{"embeddable":true,"href":"https:\/\/www.fabienm.eu\/flf\/wp-json\/wp\/v2\/comments?post=116"}],"version-history":[{"count":9,"href":"https:\/\/www.fabienm.eu\/flf\/wp-json\/wp\/v2\/pages\/116\/revisions"}],"predecessor-version":[{"id":167,"href":"https:\/\/www.fabienm.eu\/flf\/wp-json\/wp\/v2\/pages\/116\/revisions\/167"}],"wp:attachment":[{"href":"https:\/\/www.fabienm.eu\/flf\/wp-json\/wp\/v2\/media?parent=116"}],"curies":[{"name":"wp","href":"https:\/\/api.w.org\/{rel}","templated":true}]}}