{"id":1291,"date":"2019-12-13T16:41:38","date_gmt":"2019-12-13T15:41:38","guid":{"rendered":"http:\/\/www.fabienm.eu\/flf\/?page_id=1291"},"modified":"2020-02-06T12:23:47","modified_gmt":"2020-02-06T11:23:47","slug":"service","status":"publish","type":"page","link":"https:\/\/www.fabienm.eu\/flf\/accueil\/service\/","title":{"rendered":"Service"},"content":{"rendered":"\n<h4 class=\"wp-block-heading\">English<\/h4>\n\n\n\n<p>As the principal administrator of this blog<a href=\"http:\/\/fabienm.eu\/cv\/\"> I <\/a>communicate on the news of FPGA. FLF is not my main activity.<\/p>\n\n\n\n<p>I am employed by the <a href=\"http:\/\/www.opossom.com\/english\/index.html\">Armadeus Systems<\/a>. This company develops electronic modules (SOM) based on processors coupled to FPGA running on Linux. Armadeus Systems also designs finished products for its customers using its modules.<\/p>\n\n\n\n<p>If you have needs in terms of FPGA, HDL design (Chisel, VHDL, Verilog) of embedded Linux you can <a href=\"http:\/\/www.opossom.com\/english\/contact.html\">contact my company<\/a>, or <a href=\"mail@fabienm.eu\">myself<\/a>.<\/p>\n\n\n\n<h4 class=\"wp-block-heading\">Fran\u00e7ais<\/h4>\n\n\n\n<p>En tant qu&rsquo;administrateur de ce blog <a href=\"http:\/\/fabienm.eu\/cv\/\">je<\/a> suis amen\u00e9 \u00e0 communiquer sur l&rsquo;actualit\u00e9 des FPGA. Le FLF n&rsquo;est pas mon activit\u00e9 principale.<\/p>\n\n\n\n<p>Je suis employ\u00e9 par le bureau d&rsquo;\u00e9tude <a href=\"http:\/\/www.opossom.com\/francais\/\">Armadeus Sys<\/a>tems. Cette soci\u00e9t\u00e9 d\u00e9veloppe des modules \u00e9lectroniques (SOM) \u00e0 base de processeurs coupl\u00e9s \u00e0 des FPGA fonctionnant sous Linux. Armadeus Systems con\u00e7oit \u00e9galement des produits finis pour ses clients utilisant ses modules.<\/p>\n\n\n\n<p>Si vous avez des besoins en terme de FPGA, de conception HDL (Chisel, VHDL, Verilog) de Linux embarqu\u00e9 vous pouvez vous adresser \u00e0 mon <a href=\"http:\/\/www.opossom.com\/francais\/contact.html\">entreprise<\/a>, ou \u00e0 moi <a href=\"mail@fabienm.eu\">m\u00eame<\/a>.<\/p>\n","protected":false},"excerpt":{"rendered":"<p>English As the principal administrator of this blog I communicate on the news of FPGA. FLF is not my main activity. I am employed by the Armadeus Systems. This company develops electronic modules (SOM) based on processors coupled to FPGA running on Linux. Armadeus Systems also designs finished products for its customers using its modules. &hellip; <a href=\"https:\/\/www.fabienm.eu\/flf\/accueil\/service\/\" class=\"more-link\">Continuer la lecture de <span class=\"screen-reader-text\">Service<\/span> <span class=\"meta-nav\">&rarr;<\/span><\/a><\/p>\n","protected":false},"author":1,"featured_media":0,"parent":116,"menu_order":1,"comment_status":"closed","ping_status":"closed","template":"","meta":{"_uag_custom_page_level_css":"","footnotes":""},"class_list":["post-1291","page","type-page","status-publish","hentry"],"uagb_featured_image_src":{"full":false,"thumbnail":false,"medium":false,"medium_large":false,"large":false,"1536x1536":false,"2048x2048":false,"post-thumbnail":false},"uagb_author_info":{"display_name":"Fabien Marteau","author_link":"https:\/\/www.fabienm.eu\/flf\/author\/admin\/"},"uagb_comment_info":0,"uagb_excerpt":"English As the principal administrator of this blog I communicate on the news of FPGA. FLF is not my main activity. I am employed by the Armadeus Systems. This company develops electronic modules (SOM) based on processors coupled to FPGA running on Linux. Armadeus Systems also designs finished products for its customers using its modules.\u2026","_links":{"self":[{"href":"https:\/\/www.fabienm.eu\/flf\/wp-json\/wp\/v2\/pages\/1291","targetHints":{"allow":["GET"]}}],"collection":[{"href":"https:\/\/www.fabienm.eu\/flf\/wp-json\/wp\/v2\/pages"}],"about":[{"href":"https:\/\/www.fabienm.eu\/flf\/wp-json\/wp\/v2\/types\/page"}],"author":[{"embeddable":true,"href":"https:\/\/www.fabienm.eu\/flf\/wp-json\/wp\/v2\/users\/1"}],"replies":[{"embeddable":true,"href":"https:\/\/www.fabienm.eu\/flf\/wp-json\/wp\/v2\/comments?post=1291"}],"version-history":[{"count":6,"href":"https:\/\/www.fabienm.eu\/flf\/wp-json\/wp\/v2\/pages\/1291\/revisions"}],"predecessor-version":[{"id":1381,"href":"https:\/\/www.fabienm.eu\/flf\/wp-json\/wp\/v2\/pages\/1291\/revisions\/1381"}],"up":[{"embeddable":true,"href":"https:\/\/www.fabienm.eu\/flf\/wp-json\/wp\/v2\/pages\/116"}],"wp:attachment":[{"href":"https:\/\/www.fabienm.eu\/flf\/wp-json\/wp\/v2\/media?parent=1291"}],"curies":[{"name":"wp","href":"https:\/\/api.w.org\/{rel}","templated":true}]}}