{"id":470,"date":"2016-03-16T20:55:50","date_gmt":"2016-03-16T19:55:50","guid":{"rendered":"http:\/\/www.fabienm.eu\/flf\/?page_id=470"},"modified":"2019-11-25T10:57:26","modified_gmt":"2019-11-25T09:57:26","slug":"chisel","status":"publish","type":"page","link":"https:\/\/www.fabienm.eu\/flf\/hdl\/chisel\/","title":{"rendered":"Chisel"},"content":{"rendered":"<p>Chisel est un langage d\u00e9velopp\u00e9 par l&rsquo;universit\u00e9 de Berkley et bas\u00e9 sur Scala permettant de g\u00e9n\u00e9rer du Verilog pour la synth\u00e8se et du C++ pour la simulation.<\/p>\n<ul>\n<li><a href=\"https:\/\/www.chisel-lang.org\">Chisel<\/a>: Le site officiel<\/li>\n<li><a href=\"http:\/\/www.fabienm.eu\/flf\/chisel-tips\/\">Chisel tips<\/a>.<\/li>\n<li><a href=\"https:\/\/github.com\/freechipsproject\/chisel3\">Chisel3<\/a>: Les sources sur Github<\/li>\n<li><a href=\"http:\/\/www.fabienm.eu\/flf\/liste-de-projets-bases-sur-chisel\/\">Une liste de projets utilisant chisel<\/a>.<\/li>\n<\/ul>\n<p>On trouve aussi une tentative de r\u00e8gles de codage <a href=\"https:\/\/github.com\/ccelio\/chisel-style-guide\">initi\u00e9es par ccelio<\/a> sur github. Sans parler du <a href=\"https:\/\/github.com\/SpinalHDL\/SpinalHDL\">projet de r\u00e9\u00e9criture<\/a> de Chisel \u00abfrom scratch\u00bb nomm\u00e9 spinalHDL lanc\u00e9 par Dolu1990.<\/p>\n","protected":false},"excerpt":{"rendered":"<p>Chisel est un langage d\u00e9velopp\u00e9 par l&rsquo;universit\u00e9 de Berkley et bas\u00e9 sur Scala permettant de g\u00e9n\u00e9rer du Verilog pour la synth\u00e8se et du C++ pour la simulation. Chisel: Le site officiel Chisel tips. Chisel3: Les sources sur Github Une liste de projets utilisant chisel. On trouve aussi une tentative de r\u00e8gles de codage initi\u00e9es par &hellip; <a href=\"https:\/\/www.fabienm.eu\/flf\/hdl\/chisel\/\" class=\"more-link\">Continuer la lecture de <span class=\"screen-reader-text\">Chisel<\/span> <span class=\"meta-nav\">&rarr;<\/span><\/a><\/p>\n","protected":false},"author":1,"featured_media":0,"parent":468,"menu_order":0,"comment_status":"closed","ping_status":"closed","template":"","meta":{"_uag_custom_page_level_css":"","footnotes":""},"class_list":["post-470","page","type-page","status-publish","hentry"],"uagb_featured_image_src":{"full":false,"thumbnail":false,"medium":false,"medium_large":false,"large":false,"1536x1536":false,"2048x2048":false,"post-thumbnail":false},"uagb_author_info":{"display_name":"Fabien Marteau","author_link":"https:\/\/www.fabienm.eu\/flf\/author\/admin\/"},"uagb_comment_info":0,"uagb_excerpt":"Chisel est un langage d\u00e9velopp\u00e9 par l&rsquo;universit\u00e9 de Berkley et bas\u00e9 sur Scala permettant de g\u00e9n\u00e9rer du Verilog pour la synth\u00e8se et du C++ pour la simulation. Chisel: Le site officiel Chisel tips. Chisel3: Les sources sur Github Une liste de projets utilisant chisel. On trouve aussi une tentative de r\u00e8gles de codage initi\u00e9es par\u2026","_links":{"self":[{"href":"https:\/\/www.fabienm.eu\/flf\/wp-json\/wp\/v2\/pages\/470","targetHints":{"allow":["GET"]}}],"collection":[{"href":"https:\/\/www.fabienm.eu\/flf\/wp-json\/wp\/v2\/pages"}],"about":[{"href":"https:\/\/www.fabienm.eu\/flf\/wp-json\/wp\/v2\/types\/page"}],"author":[{"embeddable":true,"href":"https:\/\/www.fabienm.eu\/flf\/wp-json\/wp\/v2\/users\/1"}],"replies":[{"embeddable":true,"href":"https:\/\/www.fabienm.eu\/flf\/wp-json\/wp\/v2\/comments?post=470"}],"version-history":[{"count":4,"href":"https:\/\/www.fabienm.eu\/flf\/wp-json\/wp\/v2\/pages\/470\/revisions"}],"predecessor-version":[{"id":1210,"href":"https:\/\/www.fabienm.eu\/flf\/wp-json\/wp\/v2\/pages\/470\/revisions\/1210"}],"up":[{"embeddable":true,"href":"https:\/\/www.fabienm.eu\/flf\/wp-json\/wp\/v2\/pages\/468"}],"wp:attachment":[{"href":"https:\/\/www.fabienm.eu\/flf\/wp-json\/wp\/v2\/media?parent=470"}],"curies":[{"name":"wp","href":"https:\/\/api.w.org\/{rel}","templated":true}]}}