{"id":92,"date":"2014-11-20T08:44:38","date_gmt":"2014-11-20T07:44:38","guid":{"rendered":"http:\/\/www.fabienm.eu\/flf\/?page_id=92"},"modified":"2019-09-01T16:18:41","modified_gmt":"2019-09-01T15:18:41","slug":"gui","status":"publish","type":"page","link":"https:\/\/www.fabienm.eu\/flf\/logiciel\/gui\/","title":{"rendered":"IHM"},"content":{"rendered":"<p>Quelques logiciels graphiques pour d\u00e9velopper sur FPGA.<\/p>\n<p><strong>\u00c9dition<\/strong><\/p>\n<ul>\n<li><a href=\"http:\/\/www.fabienm.eu\/flf\/fizzim-des-machines-detats-sans-se-fatiguer\/\">fizzim<\/a>: \u00c9crit en java, permet de d\u00e9crire graphiquement des <strong>machines d\u2019\u00e9tats<\/strong>. Puis de g\u00e9n\u00e9rer le verilog correspondant.<\/li>\n<li><a href=\"http:\/\/www.fabienm.eu\/flf\/icestudio-du-schema-au-verilog\/\">Icestudio<\/a>: Logiciel de sch\u00e9matique, permettant de dessiner son projet puis de le convertir en Verilog. Orient\u00e9 Ice40\/Icestorm pour l&rsquo;instant<\/li>\n<\/ul>\n<p><strong>Visualisation<br \/>\n<\/strong><\/p>\n<ul>\n<li><a href=\"http:\/\/gtkwave.sourceforge.net\/\">Gtkwave<\/a>: Permet de visualiser les signaux \u00e0 partir de fichiers g\u00e9n\u00e9r\u00e9s par les simulateur HDL.<\/li>\n<li><a href=\"http:\/\/www.veripool.org\/wiki\/dinotrace\">Dinotrace<\/a>: Logiciel assez hideux de visualisation de traces VCD qui regorge d&rsquo;options int\u00e9ressantes. mais demande un peu d&rsquo;apprentissage.<\/li>\n<li><a href=\"http:\/\/www.fabienm.eu\/flf\/de-beaux-chronogrammes-avec-wavedrom\/\">WaveDrom<\/a>: un visualiseur de chronogramme et de sch\u00e9ma \u00e9crit en javascript.<\/li>\n<li><a href=\"https:\/\/github.com\/jbush001\/WaveView\">WaveView<\/a>: un visualiseur de signaux \u00e9crit en java.<\/li>\n<\/ul>\n","protected":false},"excerpt":{"rendered":"<p>Quelques logiciels graphiques pour d\u00e9velopper sur FPGA. \u00c9dition fizzim: \u00c9crit en java, permet de d\u00e9crire graphiquement des machines d\u2019\u00e9tats. Puis de g\u00e9n\u00e9rer le verilog correspondant. Icestudio: Logiciel de sch\u00e9matique, permettant de dessiner son projet puis de le convertir en Verilog. Orient\u00e9 Ice40\/Icestorm pour l&rsquo;instant Visualisation Gtkwave: Permet de visualiser les signaux \u00e0 partir de fichiers &hellip; <a href=\"https:\/\/www.fabienm.eu\/flf\/logiciel\/gui\/\" class=\"more-link\">Continuer la lecture de <span class=\"screen-reader-text\">IHM<\/span> <span class=\"meta-nav\">&rarr;<\/span><\/a><\/p>\n","protected":false},"author":2,"featured_media":0,"parent":1011,"menu_order":1,"comment_status":"open","ping_status":"closed","template":"","meta":{"_uag_custom_page_level_css":"","footnotes":""},"class_list":["post-92","page","type-page","status-publish","hentry"],"uagb_featured_image_src":{"full":false,"thumbnail":false,"medium":false,"medium_large":false,"large":false,"1536x1536":false,"2048x2048":false,"post-thumbnail":false},"uagb_author_info":{"display_name":"Fabien Marteau","author_link":"https:\/\/www.fabienm.eu\/flf\/author\/martoni\/"},"uagb_comment_info":0,"uagb_excerpt":"Quelques logiciels graphiques pour d\u00e9velopper sur FPGA. \u00c9dition fizzim: \u00c9crit en java, permet de d\u00e9crire graphiquement des machines d\u2019\u00e9tats. Puis de g\u00e9n\u00e9rer le verilog correspondant. Icestudio: Logiciel de sch\u00e9matique, permettant de dessiner son projet puis de le convertir en Verilog. Orient\u00e9 Ice40\/Icestorm pour l&rsquo;instant Visualisation Gtkwave: Permet de visualiser les signaux \u00e0 partir de fichiers\u2026","_links":{"self":[{"href":"https:\/\/www.fabienm.eu\/flf\/wp-json\/wp\/v2\/pages\/92","targetHints":{"allow":["GET"]}}],"collection":[{"href":"https:\/\/www.fabienm.eu\/flf\/wp-json\/wp\/v2\/pages"}],"about":[{"href":"https:\/\/www.fabienm.eu\/flf\/wp-json\/wp\/v2\/types\/page"}],"author":[{"embeddable":true,"href":"https:\/\/www.fabienm.eu\/flf\/wp-json\/wp\/v2\/users\/2"}],"replies":[{"embeddable":true,"href":"https:\/\/www.fabienm.eu\/flf\/wp-json\/wp\/v2\/comments?post=92"}],"version-history":[{"count":11,"href":"https:\/\/www.fabienm.eu\/flf\/wp-json\/wp\/v2\/pages\/92\/revisions"}],"predecessor-version":[{"id":576,"href":"https:\/\/www.fabienm.eu\/flf\/wp-json\/wp\/v2\/pages\/92\/revisions\/576"}],"up":[{"embeddable":true,"href":"https:\/\/www.fabienm.eu\/flf\/wp-json\/wp\/v2\/pages\/1011"}],"wp:attachment":[{"href":"https:\/\/www.fabienm.eu\/flf\/wp-json\/wp\/v2\/media?parent=92"}],"curies":[{"name":"wp","href":"https:\/\/api.w.org\/{rel}","templated":true}]}}