{"id":1389,"date":"2019-12-09T10:38:06","date_gmt":"2019-12-09T08:38:06","guid":{"rendered":"http:\/\/www.fabienm.eu\/wordpress\/?page_id=1389"},"modified":"2019-12-09T10:38:07","modified_gmt":"2019-12-09T08:38:07","slug":"mentions-legales","status":"publish","type":"page","link":"https:\/\/www.fabienm.eu\/wordpress\/mentions-legales\/","title":{"rendered":"Mentions l\u00e9gales"},"content":{"rendered":"\n<p><em>Mon petit coin de oueb <\/em>est un journal personnel en  ligne \u00e9dit\u00e9 \u00e0 titre non professionnel  au sens de l\u2019article 6, III, 2\u00b0 de la loi 2004-575 du 21 juin 2004.  Conform\u00e9ment aux dispositions de cet article, son \u00e9diteur a choisi de  rester anonyme.\u00a0 <br> Il est h\u00e9berg\u00e9 par OVH, dont le  si\u00e8ge social est 2  rue Kellermann \u2013 59100 Roubaix \u2013 France.\u00a0Conform\u00e9ment \u00e0 la loi, mes  \u00e9l\u00e9ments d\u2019identification personnelle  lui ont \u00e9t\u00e9 communiqu\u00e9s. <br><br> En cas de r\u00e9clamation sur le contenu de ce site, commentaire ou billet,  vous pouvez me contacter \u00e0 l\u2019adresse mail@fabienm.eu<br><br> La loi vous permet de vous adresser directement \u00e0 l\u2019h\u00e9bergeur via son formulaire disponible \u00e0 l\u2019adresse suivante :<\/p>\n\n\n\n<p><a href=\"https:\/\/www.ovh.com\/fr\/abuse\/\">https:\/\/www.ovh.com\/fr\/abuse\/<\/a><\/p>\n\n\n\n<p>Ou \u00e0 cette adresse&nbsp;:<br>OVH 2 rue Kellermann \u2013 BP 80157 59053 ROUBAIX CEDEX 1 France<\/p>\n\n\n\n<p>Mentions l\u00e9gales largement inspir\u00e9es de celles de <a href=\"https:\/\/maitre-eolas.fr\/pages\/mentionslegales\">ma\u00eetre \u00c9olas<\/a>, merci \u00e0 lui.<\/p>\n","protected":false},"excerpt":{"rendered":"<p>Mon petit coin de oueb est un journal personnel en ligne \u00e9dit\u00e9 \u00e0 titre non professionnel au sens de l\u2019article 6, III, 2\u00b0 de la loi 2004-575 du 21 juin 2004. Conform\u00e9ment aux dispositions de cet article, son \u00e9diteur a &hellip; <a href=\"https:\/\/www.fabienm.eu\/wordpress\/mentions-legales\/\">Continuer la lecture <span class=\"meta-nav\">&rarr;<\/span><\/a><\/p>\n","protected":false},"author":1,"featured_media":0,"parent":0,"menu_order":0,"comment_status":"closed","ping_status":"closed","template":"","meta":{"footnotes":""},"class_list":["post-1389","page","type-page","status-publish","hentry"],"_links":{"self":[{"href":"https:\/\/www.fabienm.eu\/wordpress\/wp-json\/wp\/v2\/pages\/1389","targetHints":{"allow":["GET"]}}],"collection":[{"href":"https:\/\/www.fabienm.eu\/wordpress\/wp-json\/wp\/v2\/pages"}],"about":[{"href":"https:\/\/www.fabienm.eu\/wordpress\/wp-json\/wp\/v2\/types\/page"}],"author":[{"embeddable":true,"href":"https:\/\/www.fabienm.eu\/wordpress\/wp-json\/wp\/v2\/users\/1"}],"replies":[{"embeddable":true,"href":"https:\/\/www.fabienm.eu\/wordpress\/wp-json\/wp\/v2\/comments?post=1389"}],"version-history":[{"count":1,"href":"https:\/\/www.fabienm.eu\/wordpress\/wp-json\/wp\/v2\/pages\/1389\/revisions"}],"predecessor-version":[{"id":1390,"href":"https:\/\/www.fabienm.eu\/wordpress\/wp-json\/wp\/v2\/pages\/1389\/revisions\/1390"}],"wp:attachment":[{"href":"https:\/\/www.fabienm.eu\/wordpress\/wp-json\/wp\/v2\/media?parent=1389"}],"curies":[{"name":"wp","href":"https:\/\/api.w.org\/{rel}","templated":true}]}}